{"id":1246,"date":"2025-05-20T10:47:58","date_gmt":"2025-05-20T10:47:58","guid":{"rendered":"https:\/\/www.goneat.net\/?post_type=product&#038;p=1246"},"modified":"2026-04-06T18:05:01","modified_gmt":"2026-04-06T18:05:01","slug":"goneat-helmets_taboo-hoa-hong","status":"publish","type":"product","link":"http:\/\/www.goneat.net\/en\/product\/goneat-helmets_taboo-hoa-hong\/","title":{"rendered":"GoNeat Helmets_Taboo Pink (Hoa H\u1ed3ng)"},"content":{"rendered":"<p>Xin ch\u00e0o B\u1ea1n,<\/p>\n<p>S\u1ea3n ph\u1ea9m b\u1ea1n \u0111ang xem l\u00e0 n\u00f3n b\u1ea3o hi\u1ec3m xe \u0111\u1ea1p <strong>GoNeat Helmets<\/strong> ch\u1ea5t l\u01b0\u1ee3ng cao, l\u00e0 th\u01b0\u01a1ng hi\u1ec7u Vi\u1ec7t \u0111\u01b0\u1ee3c s\u00e1ng l\u1eadp b\u1edfi m\u1ed9t ng\u01b0\u1eddi c\u00f3 ti\u1ebfng \u0111am m\u00ea ch\u01a1i xe \u0111\u1ea1p \u0111\u1ecba h\u00ecnh c\u1ee7a Vi\u1ec7t Nam, nh\u00e0 m\u00e1y s\u1ea3n xu\u1ea5t \u0111\u1eb7t t\u1ea1i Qu\u1ea3ng \u0110\u00f4ng.<\/p>\n<p>M\u1eabu n\u00f3n n\u00e0y c\u00f3 t\u00ean l\u00e0 Hoa H\u1ed3ng, m\u00e3 s\u1ed1 W-027, c\u00f3 14 l\u1ed7 th\u00f4ng kh\u00ed, \u0111\u1ea1t ti\u00eau chu\u1ea9n <strong>CE EN1078, CPSC 1203<\/strong> v\u00e0 <strong>ASTM F1447-18<\/strong>.<\/p>\n<p>N\u00f3n c\u00f3 c\u00e1c k\u00edch c\u1ee1 v\u00e0 tr\u1ecdng l\u01b0\u1ee3ng nh\u01b0 sau:<\/p>\n<ol>\n<li><strong>K\u00edch c\u1ee1 XS (48 &#8211; 50 cm), n\u1eb7ng 230g;<\/strong><\/li>\n<li><strong>K\u00edch c\u1ee1 S (51 &#8211; 54 cm), n\u1eb7ng 250g;<\/strong><\/li>\n<\/ol>\n<p>N\u00f3n c\u00f3 c\u00e1c m\u00e0u s\u1eafc t\u00edm, h\u1ed3ng, cam, xanh, xanh \u2013 tr\u1eafng, tr\u1eafng \u2013 \u0111en, v\u00e0 tr\u1eafng<\/p>\n<p>S\u1ed1 l\u01b0\u1ee3ng, m\u00e0u s\u1eafc v\u00e0 k\u00edch c\u1ee1 t\u00f9y t\u1eebng th\u1eddi \u0111i\u1ec3m c\u00f3 s\u1eb5n.<\/p>\n<p>M\u1eddi b\u1ea1n th\u1eed s\u1ea3n ph\u1ea9m tr\u01b0\u1edbc khi \u0111\u1eb7t h\u00e0ng \u0111\u1ec3 c\u00f3 tr\u1ea3i nghi\u1ec7m tho\u1ea3i m\u00e1i nh\u1ea5t.<\/p>\n<p><em><strong>&#8220;GoNeat Helmets_Bright in the Dark_B\u1eebng s\u00e1ng trong \u00c1nh \u0111\u00eam&#8221;<\/strong><\/em><\/p>\n<p>Xin c\u1ea3m \u01a1n B\u1ea1n<\/p>\n<p><strong>\u00d4ng Tho\u1ea1i Linh<\/strong><\/p>\n<p>Ng\u01b0\u1eddi s\u00e1ng l\u1eadp <strong>GoNeat Helmets<\/strong><\/p>","protected":false},"excerpt":{"rendered":"<p>Xin ch\u00e0o B\u1ea1n, S\u1ea3n ph\u1ea9m b\u1ea1n \u0111ang xem l\u00e0 n\u00f3n b\u1ea3o hi\u1ec3m xe \u0111\u1ea1p GoNeat Helmets ch\u1ea5t l\u01b0\u1ee3ng cao, l\u00e0 th\u01b0\u01a1ng hi\u1ec7u Vi\u1ec7t \u0111\u01b0\u1ee3c s\u00e1ng l\u1eadp b\u1edfi m\u1ed9t ng\u01b0\u1eddi c\u00f3 ti\u1ebfng \u0111am m\u00ea ch\u01a1i xe \u0111\u1ea1p \u0111\u1ecba h\u00ecnh c\u1ee7a Vi\u1ec7t Nam, nh\u00e0 m\u00e1y s\u1ea3n xu\u1ea5t \u0111\u1eb7t t\u1ea1i Qu\u1ea3ng \u0110\u00f4ng. M\u1eabu n\u00f3n n\u00e0y c\u00f3 t\u00ean l\u00e0 [&hellip;]<\/p>","protected":false},"featured_media":736,"comment_status":"open","ping_status":"closed","template":"","meta":[],"product_cat":[26],"product_tag":[],"class_list":{"0":"post-1246","1":"product","2":"type-product","3":"status-publish","4":"has-post-thumbnail","6":"product_cat-non","8":"first","9":"instock","10":"shipping-taxable","11":"product-type-simple"},"yoast_head":"<!-- This site is optimized with the Yoast SEO plugin v23.9 - https:\/\/yoast.com\/wordpress\/plugins\/seo\/ -->\n<title>GoNeat Helmets_Taboo Pink (Hoa H\u1ed3ng) - GoNeat Helmets_Bright in the Dark_B\u1eebng s\u00e1ng trong \u00c1nh \u0111\u00eam<\/title>\n<meta name=\"robots\" content=\"index, follow, max-snippet:-1, max-image-preview:large, max-video-preview:-1\" \/>\n<link rel=\"canonical\" href=\"http:\/\/www.goneat.net\/en\/product\/goneat-helmets_taboo-hoa-hong\/\" \/>\n<meta property=\"og:locale\" content=\"en_US\" \/>\n<meta property=\"og:type\" content=\"article\" \/>\n<meta property=\"og:title\" content=\"GoNeat Helmets_Taboo Pink (Hoa H\u1ed3ng) - GoNeat Helmets_Bright in the Dark_B\u1eebng s\u00e1ng trong \u00c1nh \u0111\u00eam\" \/>\n<meta property=\"og:description\" content=\"Xin ch\u00e0o B\u1ea1n, S\u1ea3n ph\u1ea9m b\u1ea1n \u0111ang xem l\u00e0 n\u00f3n b\u1ea3o hi\u1ec3m xe \u0111\u1ea1p GoNeat Helmets ch\u1ea5t l\u01b0\u1ee3ng cao, l\u00e0 th\u01b0\u01a1ng hi\u1ec7u Vi\u1ec7t \u0111\u01b0\u1ee3c s\u00e1ng l\u1eadp b\u1edfi m\u1ed9t ng\u01b0\u1eddi c\u00f3 ti\u1ebfng \u0111am m\u00ea ch\u01a1i xe \u0111\u1ea1p \u0111\u1ecba h\u00ecnh c\u1ee7a Vi\u1ec7t Nam, nh\u00e0 m\u00e1y s\u1ea3n xu\u1ea5t \u0111\u1eb7t t\u1ea1i Qu\u1ea3ng \u0110\u00f4ng. M\u1eabu n\u00f3n n\u00e0y c\u00f3 t\u00ean l\u00e0 [&hellip;]\" \/>\n<meta property=\"og:url\" content=\"http:\/\/www.goneat.net\/en\/product\/goneat-helmets_taboo-hoa-hong\/\" \/>\n<meta property=\"og:site_name\" content=\"GoNeat Helmets_Bright in the Dark_B\u1eebng s\u00e1ng trong \u00c1nh \u0111\u00eam\" \/>\n<meta property=\"article:modified_time\" content=\"2026-04-06T18:05:01+00:00\" \/>\n<meta property=\"og:image\" content=\"http:\/\/www.goneat.net\/wp-content\/uploads\/2024\/11\/z5896717317262_c4069ebe9976825a8cff3b3cd52d5d7c.jpg\" \/>\n\t<meta property=\"og:image:width\" content=\"956\" \/>\n\t<meta property=\"og:image:height\" content=\"1276\" \/>\n\t<meta property=\"og:image:type\" content=\"image\/jpeg\" \/>\n<meta name=\"twitter:card\" content=\"summary_large_image\" \/>\n<meta name=\"twitter:label1\" content=\"Est. reading time\" \/>\n\t<meta name=\"twitter:data1\" content=\"1 minute\" \/>\n<script type=\"application\/ld+json\" class=\"yoast-schema-graph\">{\"@context\":\"https:\/\/schema.org\",\"@graph\":[{\"@type\":\"WebPage\",\"@id\":\"http:\/\/www.goneat.net\/en\/product\/goneat-helmets_taboo-hoa-hong\/\",\"url\":\"http:\/\/www.goneat.net\/en\/product\/goneat-helmets_taboo-hoa-hong\/\",\"name\":\"GoNeat Helmets_Taboo Pink (Hoa H\u1ed3ng) - GoNeat Helmets_Bright in the Dark_B\u1eebng s\u00e1ng trong \u00c1nh \u0111\u00eam\",\"isPartOf\":{\"@id\":\"http:\/\/www.goneat.net\/en\/#website\"},\"primaryImageOfPage\":{\"@id\":\"http:\/\/www.goneat.net\/en\/product\/goneat-helmets_taboo-hoa-hong\/#primaryimage\"},\"image\":{\"@id\":\"http:\/\/www.goneat.net\/en\/product\/goneat-helmets_taboo-hoa-hong\/#primaryimage\"},\"thumbnailUrl\":\"http:\/\/www.goneat.net\/wp-content\/uploads\/2024\/11\/z5896717317262_c4069ebe9976825a8cff3b3cd52d5d7c.jpg\",\"datePublished\":\"2025-05-20T10:47:58+00:00\",\"dateModified\":\"2026-04-06T18:05:01+00:00\",\"breadcrumb\":{\"@id\":\"http:\/\/www.goneat.net\/en\/product\/goneat-helmets_taboo-hoa-hong\/#breadcrumb\"},\"inLanguage\":\"en-US\",\"potentialAction\":[{\"@type\":\"ReadAction\",\"target\":[\"http:\/\/www.goneat.net\/en\/product\/goneat-helmets_taboo-hoa-hong\/\"]}]},{\"@type\":\"ImageObject\",\"inLanguage\":\"en-US\",\"@id\":\"http:\/\/www.goneat.net\/en\/product\/goneat-helmets_taboo-hoa-hong\/#primaryimage\",\"url\":\"http:\/\/www.goneat.net\/wp-content\/uploads\/2024\/11\/z5896717317262_c4069ebe9976825a8cff3b3cd52d5d7c.jpg\",\"contentUrl\":\"http:\/\/www.goneat.net\/wp-content\/uploads\/2024\/11\/z5896717317262_c4069ebe9976825a8cff3b3cd52d5d7c.jpg\",\"width\":956,\"height\":1276},{\"@type\":\"BreadcrumbList\",\"@id\":\"http:\/\/www.goneat.net\/en\/product\/goneat-helmets_taboo-hoa-hong\/#breadcrumb\",\"itemListElement\":[{\"@type\":\"ListItem\",\"position\":1,\"name\":\"Home\",\"item\":\"http:\/\/www.goneat.net\/en\/\"},{\"@type\":\"ListItem\",\"position\":2,\"name\":\"C\u1eeda h\u00e0ng\",\"item\":\"http:\/\/www.goneat.net\/cua-hang\/\"},{\"@type\":\"ListItem\",\"position\":3,\"name\":\"GoNeat Helmets_Taboo Pink (Hoa H\u1ed3ng)\"}]},{\"@type\":\"WebSite\",\"@id\":\"http:\/\/www.goneat.net\/en\/#website\",\"url\":\"http:\/\/www.goneat.net\/en\/\",\"name\":\"goneat\",\"description\":\"\",\"publisher\":{\"@id\":\"http:\/\/www.goneat.net\/en\/#\/schema\/person\/ec0b05a25ed1ae728409eae135664199\"},\"potentialAction\":[{\"@type\":\"SearchAction\",\"target\":{\"@type\":\"EntryPoint\",\"urlTemplate\":\"http:\/\/www.goneat.net\/en\/?s={search_term_string}\"},\"query-input\":{\"@type\":\"PropertyValueSpecification\",\"valueRequired\":true,\"valueName\":\"search_term_string\"}}],\"inLanguage\":\"en-US\"},{\"@type\":[\"Person\",\"Organization\"],\"@id\":\"http:\/\/www.goneat.net\/en\/#\/schema\/person\/ec0b05a25ed1ae728409eae135664199\",\"name\":\"admin\",\"image\":{\"@type\":\"ImageObject\",\"inLanguage\":\"en-US\",\"@id\":\"http:\/\/www.goneat.net\/en\/#\/schema\/person\/image\/\",\"url\":\"http:\/\/www.goneat.net\/wp-content\/uploads\/2024\/11\/gonet-removebg-preview-edited-e1730881338162.png\",\"contentUrl\":\"http:\/\/www.goneat.net\/wp-content\/uploads\/2024\/11\/gonet-removebg-preview-edited-e1730881338162.png\",\"width\":452,\"height\":126,\"caption\":\"admin\"},\"logo\":{\"@id\":\"http:\/\/www.goneat.net\/en\/#\/schema\/person\/image\/\"},\"sameAs\":[\"https:\/\/www.goneat.net\"]}]}<\/script>\n<!-- \/ Yoast SEO plugin. -->","yoast_head_json":{"title":"GoNeat Helmets_Taboo Pink (Hoa H\u1ed3ng) - GoNeat Helmets_Bright in the Dark_B\u1eebng s\u00e1ng trong \u00c1nh \u0111\u00eam","robots":{"index":"index","follow":"follow","max-snippet":"max-snippet:-1","max-image-preview":"max-image-preview:large","max-video-preview":"max-video-preview:-1"},"canonical":"http:\/\/www.goneat.net\/en\/product\/goneat-helmets_taboo-hoa-hong\/","og_locale":"en_US","og_type":"article","og_title":"GoNeat Helmets_Taboo Pink (Hoa H\u1ed3ng) - GoNeat Helmets_Bright in the Dark_B\u1eebng s\u00e1ng trong \u00c1nh \u0111\u00eam","og_description":"Xin ch\u00e0o B\u1ea1n, S\u1ea3n ph\u1ea9m b\u1ea1n \u0111ang xem l\u00e0 n\u00f3n b\u1ea3o hi\u1ec3m xe \u0111\u1ea1p GoNeat Helmets ch\u1ea5t l\u01b0\u1ee3ng cao, l\u00e0 th\u01b0\u01a1ng hi\u1ec7u Vi\u1ec7t \u0111\u01b0\u1ee3c s\u00e1ng l\u1eadp b\u1edfi m\u1ed9t ng\u01b0\u1eddi c\u00f3 ti\u1ebfng \u0111am m\u00ea ch\u01a1i xe \u0111\u1ea1p \u0111\u1ecba h\u00ecnh c\u1ee7a Vi\u1ec7t Nam, nh\u00e0 m\u00e1y s\u1ea3n xu\u1ea5t \u0111\u1eb7t t\u1ea1i Qu\u1ea3ng \u0110\u00f4ng. M\u1eabu n\u00f3n n\u00e0y c\u00f3 t\u00ean l\u00e0 [&hellip;]","og_url":"http:\/\/www.goneat.net\/en\/product\/goneat-helmets_taboo-hoa-hong\/","og_site_name":"GoNeat Helmets_Bright in the Dark_B\u1eebng s\u00e1ng trong \u00c1nh \u0111\u00eam","article_modified_time":"2026-04-06T18:05:01+00:00","og_image":[{"width":956,"height":1276,"url":"http:\/\/www.goneat.net\/wp-content\/uploads\/2024\/11\/z5896717317262_c4069ebe9976825a8cff3b3cd52d5d7c.jpg","type":"image\/jpeg"}],"twitter_card":"summary_large_image","twitter_misc":{"Est. reading time":"1 minute"},"schema":{"@context":"https:\/\/schema.org","@graph":[{"@type":"WebPage","@id":"http:\/\/www.goneat.net\/en\/product\/goneat-helmets_taboo-hoa-hong\/","url":"http:\/\/www.goneat.net\/en\/product\/goneat-helmets_taboo-hoa-hong\/","name":"GoNeat Helmets_Taboo Pink (Hoa H\u1ed3ng) - GoNeat Helmets_Bright in the Dark_B\u1eebng s\u00e1ng trong \u00c1nh \u0111\u00eam","isPartOf":{"@id":"http:\/\/www.goneat.net\/en\/#website"},"primaryImageOfPage":{"@id":"http:\/\/www.goneat.net\/en\/product\/goneat-helmets_taboo-hoa-hong\/#primaryimage"},"image":{"@id":"http:\/\/www.goneat.net\/en\/product\/goneat-helmets_taboo-hoa-hong\/#primaryimage"},"thumbnailUrl":"http:\/\/www.goneat.net\/wp-content\/uploads\/2024\/11\/z5896717317262_c4069ebe9976825a8cff3b3cd52d5d7c.jpg","datePublished":"2025-05-20T10:47:58+00:00","dateModified":"2026-04-06T18:05:01+00:00","breadcrumb":{"@id":"http:\/\/www.goneat.net\/en\/product\/goneat-helmets_taboo-hoa-hong\/#breadcrumb"},"inLanguage":"en-US","potentialAction":[{"@type":"ReadAction","target":["http:\/\/www.goneat.net\/en\/product\/goneat-helmets_taboo-hoa-hong\/"]}]},{"@type":"ImageObject","inLanguage":"en-US","@id":"http:\/\/www.goneat.net\/en\/product\/goneat-helmets_taboo-hoa-hong\/#primaryimage","url":"http:\/\/www.goneat.net\/wp-content\/uploads\/2024\/11\/z5896717317262_c4069ebe9976825a8cff3b3cd52d5d7c.jpg","contentUrl":"http:\/\/www.goneat.net\/wp-content\/uploads\/2024\/11\/z5896717317262_c4069ebe9976825a8cff3b3cd52d5d7c.jpg","width":956,"height":1276},{"@type":"BreadcrumbList","@id":"http:\/\/www.goneat.net\/en\/product\/goneat-helmets_taboo-hoa-hong\/#breadcrumb","itemListElement":[{"@type":"ListItem","position":1,"name":"Home","item":"http:\/\/www.goneat.net\/en\/"},{"@type":"ListItem","position":2,"name":"C\u1eeda h\u00e0ng","item":"http:\/\/www.goneat.net\/cua-hang\/"},{"@type":"ListItem","position":3,"name":"GoNeat Helmets_Taboo Pink (Hoa H\u1ed3ng)"}]},{"@type":"WebSite","@id":"http:\/\/www.goneat.net\/en\/#website","url":"http:\/\/www.goneat.net\/en\/","name":"goneat","description":"","publisher":{"@id":"http:\/\/www.goneat.net\/en\/#\/schema\/person\/ec0b05a25ed1ae728409eae135664199"},"potentialAction":[{"@type":"SearchAction","target":{"@type":"EntryPoint","urlTemplate":"http:\/\/www.goneat.net\/en\/?s={search_term_string}"},"query-input":{"@type":"PropertyValueSpecification","valueRequired":true,"valueName":"search_term_string"}}],"inLanguage":"en-US"},{"@type":["Person","Organization"],"@id":"http:\/\/www.goneat.net\/en\/#\/schema\/person\/ec0b05a25ed1ae728409eae135664199","name":"admin","image":{"@type":"ImageObject","inLanguage":"en-US","@id":"http:\/\/www.goneat.net\/en\/#\/schema\/person\/image\/","url":"http:\/\/www.goneat.net\/wp-content\/uploads\/2024\/11\/gonet-removebg-preview-edited-e1730881338162.png","contentUrl":"http:\/\/www.goneat.net\/wp-content\/uploads\/2024\/11\/gonet-removebg-preview-edited-e1730881338162.png","width":452,"height":126,"caption":"admin"},"logo":{"@id":"http:\/\/www.goneat.net\/en\/#\/schema\/person\/image\/"},"sameAs":["https:\/\/www.goneat.net"]}]}},"_links":{"self":[{"href":"http:\/\/www.goneat.net\/en\/wp-json\/wp\/v2\/product\/1246","targetHints":{"allow":["GET"]}}],"collection":[{"href":"http:\/\/www.goneat.net\/en\/wp-json\/wp\/v2\/product"}],"about":[{"href":"http:\/\/www.goneat.net\/en\/wp-json\/wp\/v2\/types\/product"}],"replies":[{"embeddable":true,"href":"http:\/\/www.goneat.net\/en\/wp-json\/wp\/v2\/comments?post=1246"}],"wp:featuredmedia":[{"embeddable":true,"href":"http:\/\/www.goneat.net\/en\/wp-json\/wp\/v2\/media\/736"}],"wp:attachment":[{"href":"http:\/\/www.goneat.net\/en\/wp-json\/wp\/v2\/media?parent=1246"}],"wp:term":[{"taxonomy":"product_cat","embeddable":true,"href":"http:\/\/www.goneat.net\/en\/wp-json\/wp\/v2\/product_cat?post=1246"},{"taxonomy":"product_tag","embeddable":true,"href":"http:\/\/www.goneat.net\/en\/wp-json\/wp\/v2\/product_tag?post=1246"}],"curies":[{"name":"wp","href":"https:\/\/api.w.org\/{rel}","templated":true}]}}